{"id":2,"date":"2018-10-25T22:55:00","date_gmt":"2018-10-25T22:55:00","guid":{"rendered":"http:\/\/cityalarme.pt\/?page_id=2"},"modified":"2024-06-09T17:24:35","modified_gmt":"2024-06-09T17:24:35","slug":"sample-page","status":"publish","type":"page","link":"https:\/\/cityalarme.pt\/index.php\/sample-page\/","title":{"rendered":"Sobre N\u00f3s"},"content":{"rendered":"<p>&#8220;A EMPRESA &#8211; A sua seguran\u00e7a \u00e9 a nosso tema. A CITYALARME \u00e9 uma Micro Empresa Portuguesa, fundada em 26 de Fevereiro de 2008, com sede no Concelho do Moita. Conta atualmente com 5 trabalhadores efetivos, prestando servi\u00e7os essencialmente na zona da grande Lisboa e arredores, zona centro do Pa\u00eds, Alentejo e Algarve. Com uma dezena de parceiros certificados, a CITYALARME posiciona-se na \u00e1rea da seguran\u00e7a eletr\u00f3nica, como um parceiro de confian\u00e7a e avan\u00e7o tecnol\u00f3gico nas \u00e1reas da venda, instala\u00e7\u00e3o e manuten\u00e7\u00e3o de sistemas de dete\u00e7\u00e3o de intrus\u00e3o, sistemas de dete\u00e7\u00e3o e combate a inc\u00eandios, sinaliza\u00e7\u00e3o de seguran\u00e7a, v\u00eddeo vigil\u00e2ncia, dom\u00f3tica, automatismos e instala\u00e7\u00f5es el\u00e9tricas.&#8221;<\/p>\n","protected":false},"excerpt":{"rendered":"<p>&#8220;A EMPRESA &#8211; A sua seguran\u00e7a \u00e9 a nosso tema. A CITYALARME \u00e9 uma Micro Empresa Portuguesa, fundada em 26 de Fevereiro de 2008, com sede no Concelho do Moita. Conta atualmente com 5 trabalhadores efetivos, prestando servi\u00e7os essencialmente na zona da grande Lisboa e arredores, zona centro do Pa\u00eds, Alentejo e Algarve. Com uma &hellip;<\/p>\n<p class=\"read-more\"> <a class=\" thunk-readmore button \" href=\"https:\/\/cityalarme.pt\/index.php\/sample-page\/\"> <span class=\"screen-reader-text\">Sobre N\u00f3s<\/span>Read More<\/a><\/p>\n","protected":false},"author":1,"featured_media":0,"parent":0,"menu_order":0,"comment_status":"closed","ping_status":"open","template":"","meta":{"footnotes":""},"class_list":["post-2","page","type-page","status-publish","hentry"],"_links":{"self":[{"href":"https:\/\/cityalarme.pt\/index.php\/wp-json\/wp\/v2\/pages\/2","targetHints":{"allow":["GET"]}}],"collection":[{"href":"https:\/\/cityalarme.pt\/index.php\/wp-json\/wp\/v2\/pages"}],"about":[{"href":"https:\/\/cityalarme.pt\/index.php\/wp-json\/wp\/v2\/types\/page"}],"author":[{"embeddable":true,"href":"https:\/\/cityalarme.pt\/index.php\/wp-json\/wp\/v2\/users\/1"}],"replies":[{"embeddable":true,"href":"https:\/\/cityalarme.pt\/index.php\/wp-json\/wp\/v2\/comments?post=2"}],"version-history":[{"count":2,"href":"https:\/\/cityalarme.pt\/index.php\/wp-json\/wp\/v2\/pages\/2\/revisions"}],"predecessor-version":[{"id":68,"href":"https:\/\/cityalarme.pt\/index.php\/wp-json\/wp\/v2\/pages\/2\/revisions\/68"}],"wp:attachment":[{"href":"https:\/\/cityalarme.pt\/index.php\/wp-json\/wp\/v2\/media?parent=2"}],"curies":[{"name":"wp","href":"https:\/\/api.w.org\/{rel}","templated":true}]}}